{"id":434,"date":"2024-11-20T15:02:52","date_gmt":"2024-11-20T14:02:52","guid":{"rendered":"https:\/\/e3cecolecreative.fr\/?page_id=434"},"modified":"2025-01-29T15:55:04","modified_gmt":"2025-01-29T14:55:04","slug":"ecole-adaptee-e3c","status":"publish","type":"page","link":"https:\/\/e3cecolecreative.fr\/index.php\/ecole-adaptee-e3c\/","title":{"rendered":"\u00c9cole Adapt\u00e9e E3C"},"content":{"rendered":"<div class=\"wp-block-image\">\n<figure class=\"aligncenter size-medium is-resized\"><img fetchpriority=\"high\" decoding=\"async\" width=\"225\" height=\"300\" src=\"https:\/\/e3cecolecreative.fr\/wp-content\/uploads\/2025\/01\/facebook_1737653288965_7288246140526487409-225x300.jpg\" alt=\"\" class=\"wp-image-573\" style=\"width:307px;height:auto\" srcset=\"https:\/\/e3cecolecreative.fr\/wp-content\/uploads\/2025\/01\/facebook_1737653288965_7288246140526487409-225x300.jpg 225w, https:\/\/e3cecolecreative.fr\/wp-content\/uploads\/2025\/01\/facebook_1737653288965_7288246140526487409-768x1024.jpg 768w, https:\/\/e3cecolecreative.fr\/wp-content\/uploads\/2025\/01\/facebook_1737653288965_7288246140526487409.jpg 1080w\" sizes=\"(max-width: 225px) 100vw, 225px\" \/><\/figure>\n<\/div>\n\n\n<p><\/p>\n\n\n\n<hr class=\"wp-block-separator has-alpha-channel-opacity is-style-dots\"\/>\n\n\n\n<h2 class=\"wp-block-heading has-text-align-center has-large-font-size\"><strong>Participez \u00e0 la construction d\u2019un lieu d\u2019apprentissage et d\u2019espoir :<\/strong><br><strong>votre aide fait toute la diff\u00e9rence<\/strong><\/h2>\n\n\n\n<p style=\"border-style:none;border-width:0px;padding-top:0;padding-right:var(--wp--preset--spacing--40);padding-bottom:0;padding-left:var(--wp--preset--spacing--40)\">Notre \u00e9cole, cr\u00e9\u00e9e en 2022, accompagne tous types de profils d\u2019enfants de 3 \u00e0 15 ans en leur offrant des conditions d\u2019apprentissages plus sereines : effectifs r\u00e9duits, p\u00e9dagogies plurielles, ouverture vers le monde ext\u00e9rieur et professionnel, sensibilisation aux gestes \u00e9co-responsables.<br><br>Toutefois, force est de constater que de plus en plus d\u2019enfants, en situation de handicap, sont en d\u00e9tresse, sans solution scolaire en ont besoin d\u2019un accompagnement encore plus adapt\u00e9.<br><br>C\u2019est pourquoi nous avons cr\u00e9\u00e9 <strong>l\u2019\u00c9cole<\/strong><strong> Adapt\u00e9e E3C <\/strong>sous forme associative. Celle-ci permettra de rendre possible la scolarisation de 8 enfants en situation de handicap avec une enseignante et une \u00e9ducatrice.<br>C\u2019est dans ce cadre s\u00e9curisant que pourront \u00eatre \u00e0 nouveau scolaris\u00e9s ces \u00e9l\u00e8ves en profond mal-\u00eatre.<br>Nous repr\u00e9sentons donc l&rsquo;association E3C cr\u00e9ative qui \u0153uvre pour ces \u00e9l\u00e8ves atypiques qui ont un p\u2019tit truc en plus.<br><br>Bien que nos missions soient appr\u00e9ci\u00e9es de tous, nous manquons de moyens pour mener \u00e0 bien les objectifs que nous nous sommes fix\u00e9s. Notre engagement trouvant ses limites dans le financement de nos projets, nous sollicitons aujourd&rsquo;hui votre bienveillance afin de nous accorder votre soutien financier et mat\u00e9riel.<br><br>Vous pouvez utiliser le formulaire ci-dessous ou vous rendre directement sur le site suivant :<br><a href=\"https:\/\/www.helloasso.com\/associations\/association-e3c\/formulaires\/1\/widget\" target=\"_blank\" rel=\"noreferrer noopener\">Faire un don pour l&rsquo;ouverture de l&rsquo;\u00e9cole adapt\u00e9e E3C<\/a><br><\/p>\n\n\n\n<iframe id=\"haWidget\" allowtransparency=\"true\" scrolling=\"auto\" src=\"https:\/\/www.helloasso.com\/associations\/association-e3c\/formulaires\/1\/widget\" style=\"width: 100%; height: 750px; border: none;\"><\/iframe>\n","protected":false},"excerpt":{"rendered":"<p>Participez \u00e0 la construction d\u2019un lieu d\u2019apprentissage et d\u2019espoir :votre aide fait toute la diff\u00e9rence Notre \u00e9cole, cr\u00e9\u00e9e en 2022, accompagne tous types de profils d\u2019enfants de 3 \u00e0 15 ans en leur offrant des conditions d\u2019apprentissages plus sereines : effectifs r\u00e9duits, p\u00e9dagogies plurielles, ouverture vers le monde ext\u00e9rieur et professionnel, sensibilisation aux gestes \u00e9co-responsables.&hellip;&nbsp;<a href=\"https:\/\/e3cecolecreative.fr\/index.php\/ecole-adaptee-e3c\/\" rel=\"bookmark\">Lire la suite &raquo;<span class=\"screen-reader-text\">\u00c9cole Adapt\u00e9e E3C<\/span><\/a><\/p>\n","protected":false},"author":1,"featured_media":0,"parent":0,"menu_order":0,"comment_status":"closed","ping_status":"closed","template":"","meta":{"neve_meta_sidebar":"","neve_meta_container":"","neve_meta_enable_content_width":"","neve_meta_content_width":0,"neve_meta_title_alignment":"","neve_meta_author_avatar":"","neve_post_elements_order":"","neve_meta_disable_header":"","neve_meta_disable_footer":"","neve_meta_disable_title":"","footnotes":""},"class_list":["post-434","page","type-page","status-publish","hentry"],"_links":{"self":[{"href":"https:\/\/e3cecolecreative.fr\/index.php\/wp-json\/wp\/v2\/pages\/434","targetHints":{"allow":["GET"]}}],"collection":[{"href":"https:\/\/e3cecolecreative.fr\/index.php\/wp-json\/wp\/v2\/pages"}],"about":[{"href":"https:\/\/e3cecolecreative.fr\/index.php\/wp-json\/wp\/v2\/types\/page"}],"author":[{"embeddable":true,"href":"https:\/\/e3cecolecreative.fr\/index.php\/wp-json\/wp\/v2\/users\/1"}],"replies":[{"embeddable":true,"href":"https:\/\/e3cecolecreative.fr\/index.php\/wp-json\/wp\/v2\/comments?post=434"}],"version-history":[{"count":9,"href":"https:\/\/e3cecolecreative.fr\/index.php\/wp-json\/wp\/v2\/pages\/434\/revisions"}],"predecessor-version":[{"id":599,"href":"https:\/\/e3cecolecreative.fr\/index.php\/wp-json\/wp\/v2\/pages\/434\/revisions\/599"}],"wp:attachment":[{"href":"https:\/\/e3cecolecreative.fr\/index.php\/wp-json\/wp\/v2\/media?parent=434"}],"curies":[{"name":"wp","href":"https:\/\/api.w.org\/{rel}","templated":true}]}}