{"id":299,"date":"2024-11-06T23:07:46","date_gmt":"2024-11-06T22:07:46","guid":{"rendered":"https:\/\/e3cecolecreative.fr\/?page_id=299"},"modified":"2024-11-13T20:15:59","modified_gmt":"2024-11-13T19:15:59","slug":"informations-pratiques","status":"publish","type":"page","link":"https:\/\/e3cecolecreative.fr\/index.php\/informations-pratiques\/","title":{"rendered":"Informations pratiques"},"content":{"rendered":"\n<div class=\"wp-block-columns is-layout-flex wp-container-core-columns-is-layout-9d6595d7 wp-block-columns-is-layout-flex\" style=\"border-style:none;border-width:0px\">\n<div class=\"wp-block-column is-layout-flow wp-block-column-is-layout-flow\">\n<div class=\"wp-block-columns is-layout-flex wp-container-core-columns-is-layout-9d6595d7 wp-block-columns-is-layout-flex\">\n<div class=\"wp-block-column is-layout-flow wp-block-column-is-layout-flow\">\n<h3 class=\"wp-block-heading has-text-align-left\" style=\"padding-right:var(--wp--preset--spacing--60);padding-left:var(--wp--preset--spacing--60)\"><strong>Horaires<\/strong><\/h3>\n\n\n\n<p style=\"border-radius:0px;padding-top:0;padding-bottom:0\">L&rsquo;accueil des enfants se fait avec des horaires souples :<br>&#8211; <strong>Matin <\/strong>: de 8h45 \u00e0 9h30<br>&#8211; <strong>Soir <\/strong>: de 16h30 \u00e0 17h00<br>&#8211; <strong>Garderie <\/strong>: de 17h00 \u00e0 17h30<br><br>Calendrier scolaire de la zone C (acad\u00e9mie de Cr\u00e9teil)<\/p>\n<\/div>\n\n\n\n<div class=\"wp-block-column is-layout-flow wp-block-column-is-layout-flow\">\n<h3 class=\"wp-block-heading\" style=\"padding-right:var(--wp--preset--spacing--60);padding-left:var(--wp--preset--spacing--60)\"><strong>Repas<\/strong><\/h3>\n\n\n\n<p>&#8211; <strong>Lunchbox <\/strong>(thermos \/ gourde \/ vaisselle \u00e0 pr\u00e9voir)<br>&#8211; <strong>Retour \u00e0 la maison <\/strong>le temps du midi<\/p>\n<\/div>\n<\/div>\n<\/div>\n\n\n\n<div class=\"wp-block-column is-layout-flow wp-block-column-is-layout-flow\">\n<h3 class=\"wp-block-heading\" style=\"padding-right:var(--wp--preset--spacing--60);padding-left:var(--wp--preset--spacing--60)\"><strong>Tarifs<\/strong><\/h3>\n\n\n\n<p class=\"has-text-align-left\"><strong>Tarif \u00e0 l&rsquo;ann\u00e9e <\/strong>:<br> 5500 \u20ac payable en plusieurs fois (550 \u20ac sur 10 mois) comprenant : <br>&#8211; frais de scolarit\u00e9<br>&#8211; sorties scolaires<br>&#8211; mat\u00e9riel p\u00e9dagogique<br><br><strong>Garderie <\/strong>:<br>5 \u20ac par soir<\/p>\n<\/div>\n<\/div>\n\n\n\n<p>\ud83c\udfe1 <strong>Ecole communale de Courcelles sur Jouarre<\/strong><br>77640 Jouarre<\/p>\n\n\n\n<p>\u260e\ufe0f <strong>Delphine <\/strong>LAVIRON 06.46.15.08.72<br>\u00a0\u00a0\u00a0\u00a0\u00a0 <strong>Marion <\/strong>BORDAS 06.83.94.03.07<br>\ud83d\udce7 <a href=\"mailto:ecolee3ccreative@gmail.com\">ecolee3ccreative@gmail.com<\/a><br><\/p>\n\n\n\n<p>Arr\u00eat de bus : Bus ligne 32 arr\u00eat Courcelles sur Jouarre<br><\/p>\n","protected":false},"excerpt":{"rendered":"<p>Horaires L&rsquo;accueil des enfants se fait avec des horaires souples :&#8211; Matin : de 8h45 \u00e0 9h30&#8211; Soir : de 16h30 \u00e0 17h00&#8211; Garderie : de 17h00 \u00e0 17h30 Calendrier scolaire de la zone C (acad\u00e9mie de Cr\u00e9teil) Repas &#8211; Lunchbox (thermos \/ gourde \/ vaisselle \u00e0 pr\u00e9voir)&#8211; Retour \u00e0 la maison le temps du&hellip;&nbsp;<a href=\"https:\/\/e3cecolecreative.fr\/index.php\/informations-pratiques\/\" rel=\"bookmark\">Lire la suite &raquo;<span class=\"screen-reader-text\">Informations pratiques<\/span><\/a><\/p>\n","protected":false},"author":1,"featured_media":0,"parent":0,"menu_order":0,"comment_status":"closed","ping_status":"closed","template":"","meta":{"neve_meta_sidebar":"","neve_meta_container":"","neve_meta_enable_content_width":"","neve_meta_content_width":0,"neve_meta_title_alignment":"","neve_meta_author_avatar":"","neve_post_elements_order":"","neve_meta_disable_header":"","neve_meta_disable_footer":"","neve_meta_disable_title":"","footnotes":""},"class_list":["post-299","page","type-page","status-publish","hentry"],"_links":{"self":[{"href":"https:\/\/e3cecolecreative.fr\/index.php\/wp-json\/wp\/v2\/pages\/299","targetHints":{"allow":["GET"]}}],"collection":[{"href":"https:\/\/e3cecolecreative.fr\/index.php\/wp-json\/wp\/v2\/pages"}],"about":[{"href":"https:\/\/e3cecolecreative.fr\/index.php\/wp-json\/wp\/v2\/types\/page"}],"author":[{"embeddable":true,"href":"https:\/\/e3cecolecreative.fr\/index.php\/wp-json\/wp\/v2\/users\/1"}],"replies":[{"embeddable":true,"href":"https:\/\/e3cecolecreative.fr\/index.php\/wp-json\/wp\/v2\/comments?post=299"}],"version-history":[{"count":30,"href":"https:\/\/e3cecolecreative.fr\/index.php\/wp-json\/wp\/v2\/pages\/299\/revisions"}],"predecessor-version":[{"id":407,"href":"https:\/\/e3cecolecreative.fr\/index.php\/wp-json\/wp\/v2\/pages\/299\/revisions\/407"}],"wp:attachment":[{"href":"https:\/\/e3cecolecreative.fr\/index.php\/wp-json\/wp\/v2\/media?parent=299"}],"curies":[{"name":"wp","href":"https:\/\/api.w.org\/{rel}","templated":true}]}}