{"id":285,"date":"2024-11-06T23:00:46","date_gmt":"2024-11-06T22:00:46","guid":{"rendered":"https:\/\/e3cecolecreative.fr\/?page_id=285"},"modified":"2024-11-06T23:07:05","modified_gmt":"2024-11-06T22:07:05","slug":"christine","status":"publish","type":"page","link":"https:\/\/e3cecolecreative.fr\/index.php\/christine\/","title":{"rendered":"Christine"},"content":{"rendered":"\n<div class=\"wp-block-columns is-layout-flex wp-container-core-columns-is-layout-9d6595d7 wp-block-columns-is-layout-flex\">\n<div class=\"wp-block-column is-layout-flow wp-block-column-is-layout-flow\" style=\"flex-basis:66.66%\">\n<p>Je m&rsquo;appelle Christine Del Pino.<\/p>\n\n\n\n<p>Je suis n\u00e9e en 1964 sous le beau soleil de Cannes !<\/p>\n\n\n\n<p>En 1990, j\u2019\u00e9pouse un fonctionnaire de police ce qui nous am\u00e8ne en seine et Marne o\u00f9 je donnerai naissance \u00e0 3 enfants ! Secr\u00e9taire juridique \u00e0 Meaux pendant plus de 10 ans, je fais le choix de mettre ma carri\u00e8re professionnelle de c\u00f4t\u00e9 pour \u00e9lever au mieux et selon nos valeurs, mes enfants. Je ne regretterai jamais ce choix\u2026<\/p>\n\n\n\n<p>Les enfants grandissants, je d\u00e9cide de me reconvertir dans un domaine qui me tient \u00e0 c\u0153ur et que je ma\u00eetrise, j\u2019entre alors dans l\u2019\u00e9ducation nationale en tant qu\u2019AESH (Assistant d\u2019Enfants en Situation d\u2019Handicap). Touch\u00e9e personnellement et professionnellement par le handicap sous toutes ses formes, je resterai 8 ans en ULIS TFM jusqu\u2019en 2023 o\u00f9 j\u2019int\u00e8gre l\u2019\u00e9quipe de l\u2019\u00e9cole E3C, \u00e9cole ouverte sur le monde et qui sait donner aux enfants le go\u00fbt d\u2019apprendre, le bonheur de vivre ensemble et la confiance en soi !<\/p>\n<\/div>\n\n\n\n<div class=\"wp-block-column is-layout-flow wp-block-column-is-layout-flow\" style=\"flex-basis:33.33%\"><div class=\"wp-block-image\">\n<figure class=\"aligncenter size-full is-resized has-custom-border\"><img fetchpriority=\"high\" decoding=\"async\" width=\"463\" height=\"633\" src=\"https:\/\/e3cecolecreative.fr\/wp-content\/uploads\/2024\/11\/IMG-20240112-WA0000-edited-3.jpg\" alt=\"\" class=\"wp-image-297\" style=\"border-width:2px;border-radius:47px;aspect-ratio:0.75;object-fit:cover;width:280px;height:auto\" srcset=\"https:\/\/e3cecolecreative.fr\/wp-content\/uploads\/2024\/11\/IMG-20240112-WA0000-edited-3.jpg 463w, https:\/\/e3cecolecreative.fr\/wp-content\/uploads\/2024\/11\/IMG-20240112-WA0000-edited-3-219x300.jpg 219w\" sizes=\"(max-width: 463px) 100vw, 463px\" \/><\/figure>\n<\/div><\/div>\n<\/div>\n","protected":false},"excerpt":{"rendered":"<p>Je m&rsquo;appelle Christine Del Pino. Je suis n\u00e9e en 1964 sous le beau soleil de Cannes ! En 1990, j\u2019\u00e9pouse un fonctionnaire de police ce qui nous am\u00e8ne en seine et Marne o\u00f9 je donnerai naissance \u00e0 3 enfants ! Secr\u00e9taire juridique \u00e0 Meaux pendant plus de 10 ans, je fais le choix de mettre&hellip;&nbsp;<a href=\"https:\/\/e3cecolecreative.fr\/index.php\/christine\/\" rel=\"bookmark\">Lire la suite &raquo;<span class=\"screen-reader-text\">Christine<\/span><\/a><\/p>\n","protected":false},"author":1,"featured_media":0,"parent":0,"menu_order":0,"comment_status":"closed","ping_status":"closed","template":"","meta":{"neve_meta_sidebar":"","neve_meta_container":"","neve_meta_enable_content_width":"","neve_meta_content_width":0,"neve_meta_title_alignment":"","neve_meta_author_avatar":"","neve_post_elements_order":"","neve_meta_disable_header":"","neve_meta_disable_footer":"","neve_meta_disable_title":"","footnotes":""},"class_list":["post-285","page","type-page","status-publish","hentry"],"_links":{"self":[{"href":"https:\/\/e3cecolecreative.fr\/index.php\/wp-json\/wp\/v2\/pages\/285","targetHints":{"allow":["GET"]}}],"collection":[{"href":"https:\/\/e3cecolecreative.fr\/index.php\/wp-json\/wp\/v2\/pages"}],"about":[{"href":"https:\/\/e3cecolecreative.fr\/index.php\/wp-json\/wp\/v2\/types\/page"}],"author":[{"embeddable":true,"href":"https:\/\/e3cecolecreative.fr\/index.php\/wp-json\/wp\/v2\/users\/1"}],"replies":[{"embeddable":true,"href":"https:\/\/e3cecolecreative.fr\/index.php\/wp-json\/wp\/v2\/comments?post=285"}],"version-history":[{"count":3,"href":"https:\/\/e3cecolecreative.fr\/index.php\/wp-json\/wp\/v2\/pages\/285\/revisions"}],"predecessor-version":[{"id":298,"href":"https:\/\/e3cecolecreative.fr\/index.php\/wp-json\/wp\/v2\/pages\/285\/revisions\/298"}],"wp:attachment":[{"href":"https:\/\/e3cecolecreative.fr\/index.php\/wp-json\/wp\/v2\/media?parent=285"}],"curies":[{"name":"wp","href":"https:\/\/api.w.org\/{rel}","templated":true}]}}